{"id":61078,"date":"2024-04-11T12:39:23","date_gmt":"2024-04-11T12:39:23","guid":{"rendered":"https:\/\/capitancasino.org\/pe\/?page_id=61078"},"modified":"2025-06-03T12:45:08","modified_gmt":"2025-06-03T12:45:08","slug":"juego-responsable","status":"publish","type":"page","link":"https:\/\/capitancasino.org\/pe\/juego-responsable\/","title":{"rendered":"Juego Responsable"},"content":{"rendered":"<p>Cuando fundamos <a href=\"https:\/\/capitancasino.org\/pe\/\">esta web de casinos<\/a>\u00a0nuestro principal objetivo era iluminar un mundo que desgraciadamente tiene algunos casinos poco fiables, que pueden enga\u00f1ar a los usuarios. Para ello hemos <a href=\"https:\/\/capitancasino.org\/pe\/mejores-casinos-online-peru\/\">analizado muchos casinos online<\/a>, centr\u00e1ndonos en su funcionamiento y fiabilidad.<\/p>\r\n<p>Pero hay algo m\u00e1s importante que encontrar un buen casino, es jugar de forma responsable. El juego del azar nunca ha dejado de ser eso, un juego. Nosotros disfrutamos con la emoci\u00f3n que nos crean los casinos, y si encima en ocasiones se puede ganar un dinero, pues mejor que mejor. Ahora, es importante aclarar que nunca se debe acudir a un casino online con la \u00fanica intenci\u00f3n de hacernos ricos, del mismo modo, nunca debemos apostar m\u00e1s de lo que podemos perder. El juego del azar puede crear problemas muy serios, tanto en una persona como en su entorno.<\/p>\r\n<p>Las adiciones son muy peligrosas y aunque cueste mucho, es importante pedir ayuda. Si est\u00e1is aqu\u00ed es porque ya est\u00e1is jugando online o apunto de hacerlo, por tanto recordemos <strong>la importancia del juego responsable<\/strong>.<\/p>\r\n<p>Acudir a un casino online tiene que ser un acto divertido, no un problema. Por eso es muy importante que antes de empezar a jugar teng\u00e1is claro el dinero que quer\u00e9is gastar y el tiempo que pod\u00e9is emplear en el juego. De esa forma es m\u00e1s f\u00e1cil darse cuenta de cu\u00e1ndo hay que parar.<\/p>\r\n<p><strong>\u00bfQu\u00e9 es la ludopat\u00eda?<\/strong><\/p>\r\n<!-- \/wp:paragraph -->\r\n\r\n<!-- wp:paragraph --><!-- \/wp:paragraph -->\r\n\r\n<!-- wp:paragraph --><!-- \/wp:paragraph -->\r\n\r\n<!-- wp:paragraph --><!-- \/wp:paragraph -->\r\n\r\n<!-- wp:paragraph --><!-- \/wp:paragraph -->\r\n\r\n<!-- wp:paragraph -->\r\n<p>Si cogemos la definici\u00f3n de la RAE como referencia, la ludopat\u00eda es una adicci\u00f3n a los juegos del azar. Las personas afectadas por esta patolog\u00eda no ven en los casinos online una fuente de diversi\u00f3n, ven una necesidad que les atrae y les hace jugar sin control.<\/p>\r\n<p>Es dif\u00edcil que un lud\u00f3pata reconozca que tiene un problema, pero entre todos podemos intentar detectar y ayudar a las personas que necesitan parar el juego.<\/p>\r\n<p>Las mentiras, una irascibilidad alta, jugar a escondidas de los dem\u00e1s o tener graves problemas de dinero pueden ser algunos de los efectos que presenten las personas que tienen una adicci\u00f3n al juego.<\/p>\r\n<p><strong>\u00bfC\u00f3mo ayudar a una persona que tiene problemas con el juego?<\/strong><\/p>\r\n<p>Lo mejor siempre es acudir a entidades que puedan ayudarte, personas que han pasado por lo mismo y luchan cada d\u00eda contra la adicci\u00f3n. En Per\u00fa tenemos <a href=\"https:\/\/cirsa.com.pe\/juego-responsable\/\" target=\"_blank\" rel=\"noopener\">CIRSA<\/a>.<\/p>\r\n<p>Y nos os olvid\u00e9is, los casinos online son un tipo de entretenimiento que puede aportar unas ganancias extras, pero nunca debe causar problemas emocionales o financieros, \u00a1No dudes en pedir ayuda! Tambi\u00e9n nos puedes escribir a trav\u00e9s de nuestro formulario de contacto para cualquier consulta. Est\u00e9is en el pa\u00eds que est\u00e9is, si ten\u00e9is un problema, deb\u00e9is de acudir a un profesional en busca de ayuda.<\/p>\r\n<!-- \/wp:paragraph -->\r\n\r\n<!-- wp:paragraph --><!-- \/wp:paragraph -->\r\n\r\n<!-- wp:paragraph --><!-- \/wp:paragraph -->\r\n\r\n<!-- wp:paragraph --><!-- \/wp:paragraph -->\r\n\r\n<!-- wp:paragraph --><!-- \/wp:paragraph -->\r\n\r\n<!-- wp:paragraph --><!-- \/wp:list -->\r\n\r\n<!-- wp:paragraph -->","protected":false},"excerpt":{"rendered":"<p>Cuando fundamos esta web de casinos\u00a0nuestro principal objetivo era iluminar un mundo que desgraciadamente tiene algunos casinos poco fiables, que\u2026 <a href=\"https:\/\/capitancasino.org\/pe\/juego-responsable\/\">+ Lire la suite &rsaquo;<\/a><\/p>\n","protected":false},"author":1,"featured_media":0,"parent":0,"menu_order":0,"comment_status":"closed","ping_status":"closed","template":"","meta":{"_acf_changed":false,"_seopress_robots_primary_cat":"","_seopress_titles_title":"Juego responsable - Capit\u00e1n Casino Per\u00fa","_seopress_titles_desc":"P\u00e1gina dedicada al Juego responsable en Capit\u00e1n Casino Per\u00fa.","_seopress_robots_index":"","_lmt_disableupdate":"no","_lmt_disable":"","footnotes":""},"acf":[],"_links":{"self":[{"href":"https:\/\/capitancasino.org\/pe\/wp-json\/wp\/v2\/pages\/61078"}],"collection":[{"href":"https:\/\/capitancasino.org\/pe\/wp-json\/wp\/v2\/pages"}],"about":[{"href":"https:\/\/capitancasino.org\/pe\/wp-json\/wp\/v2\/types\/page"}],"author":[{"embeddable":true,"href":"https:\/\/capitancasino.org\/pe\/wp-json\/wp\/v2\/users\/1"}],"replies":[{"embeddable":true,"href":"https:\/\/capitancasino.org\/pe\/wp-json\/wp\/v2\/comments?post=61078"}],"version-history":[{"count":2,"href":"https:\/\/capitancasino.org\/pe\/wp-json\/wp\/v2\/pages\/61078\/revisions"}],"predecessor-version":[{"id":61082,"href":"https:\/\/capitancasino.org\/pe\/wp-json\/wp\/v2\/pages\/61078\/revisions\/61082"}],"wp:attachment":[{"href":"https:\/\/capitancasino.org\/pe\/wp-json\/wp\/v2\/media?parent=61078"}],"curies":[{"name":"wp","href":"https:\/\/api.w.org\/{rel}","templated":true}]}}