{"id":61064,"date":"2024-04-10T11:58:21","date_gmt":"2024-04-10T11:58:21","guid":{"rendered":"https:\/\/capitancasino.org\/pe\/?page_id=61064"},"modified":"2024-07-10T06:38:58","modified_gmt":"2024-07-10T06:38:58","slug":"aviso-legal","status":"publish","type":"page","link":"https:\/\/capitancasino.org\/pe\/aviso-legal\/","title":{"rendered":"Aviso legal y t\u00e9rminos de uso"},"content":{"rendered":"<p>En este apartado el usuario podr\u00e1 encontrar toda la informaci\u00f3n relativa a los t\u00e9rminos y condiciones legales que definen las relaciones entre los usuarios y nosotros como responsables de esta web. A continuaci\u00f3n explicamos dichos t\u00e9rminos.<\/p>\r\n<!-- \/wp:paragraph -->\r\n\r\n<!-- wp:paragraph -->\r\n<p>La finalidad de capitancasino.org es facilitar informaci\u00f3n a los usuarios sobre los casinos online y juegos en l\u00ednea, siempre de buena fe para que los usuarios puedan tomar una decisi\u00f3n correcta y segura a la hora de elegir un casino online donde jugar. Cualquier decisi\u00f3n tomada por el usuario ser\u00e1 bajo el riesgo del propio usuario, capitancasino.org no se hace responsable de ninguna decisi\u00f3n ni p\u00e9rdida, el \u00fanico responsable de la elecci\u00f3n final de un casino es el usuario.<\/p>\r\n<!-- \/wp:paragraph -->\r\n\r\n<!-- wp:paragraph -->\r\n<p>Capitancasino.org analiza, compara e informa sobre diferentes casinos, as\u00ed como sus ofertas y tipos de juegos, con la intenci\u00f3n de ayudar al usuario a encontrar un casino seguro y fiable, pero la decisi\u00f3n final siempre es del usuario, del mismo modo, capitancasino.org no puede hacerse responsable de ning\u00fan resultado que pueda derivarse por el acceso a terceros con el uso de los enlaces de la p\u00e1gina web. Capitancasino.org no es due\u00f1o de ning\u00fan casino en l\u00ednea.<\/p>\r\n<!-- \/wp:paragraph -->\r\n\r\n<!-- wp:paragraph -->\r\n<p>Al utilizar capitancasino.org, el usuario acepta los t\u00e9rminos y que una vez el usuario salga de capitancasino.org para acceder a otro portal web, los t\u00e9rminos y condiciones cambian, los cuales pasan a estar fuera de nuestro alcance.<\/p>\r\n<!-- \/wp:paragraph -->\r\n\r\n<!-- wp:paragraph -->\r\n<p>Queda prohibido el uso de capitancasino.org, con fines il\u00edcitos o lesivos, o que, de cualquier forma, puedan causar perjuicio o impedir el normal funcionamiento del sitio web.<\/p>\r\n<!-- \/wp:paragraph -->\r\n\r\n<!-- wp:paragraph -->\r\n<p><strong>Derechos de Propiedad capitancasino.org<\/strong><\/p>\r\n<!-- \/wp:paragraph -->\r\n\r\n<!-- wp:paragraph -->\r\n<p>Con respecto a la Ley Sobre el Derecho de Autor, quedan expresamente prohibidas la reproducci\u00f3n, la distribuci\u00f3n y la comunicaci\u00f3n p\u00fablica, incluida su modalidad de puesta a disposici\u00f3n, de la totalidad o parte de los contenidos de esta p\u00e1gina web.<\/p>\r\n<!-- \/wp:paragraph -->\r\n\r\n<!-- wp:paragraph -->\r\n<p><strong>Juego Responsable<\/strong><\/p>\r\n<!-- \/wp:paragraph -->\r\n\r\n<!-- wp:paragraph -->\r\n<p>Capitancasino.org est\u00e1 dirigido a personas mayores de edad y siempre fomentamos el juego responsable y seguro. Hay que ser consciente del peligro que puede acarrear para mucha gente el juego online, la adicci\u00f3n es un problema que tiene que ser tratado. Si padece o conoce a alguien con problemas puede buscar ayudar con la asociaci\u00f3n de lud\u00f3patas recuperados.<\/p>","protected":false},"excerpt":{"rendered":"<p>En este apartado el usuario podr\u00e1 encontrar toda la informaci\u00f3n relativa a los t\u00e9rminos y condiciones legales que definen las\u2026 <a href=\"https:\/\/capitancasino.org\/pe\/aviso-legal\/\">+ Lire la suite &rsaquo;<\/a><\/p>\n","protected":false},"author":1,"featured_media":0,"parent":0,"menu_order":0,"comment_status":"closed","ping_status":"closed","template":"","meta":{"_acf_changed":false,"_seopress_robots_primary_cat":"","_seopress_titles_title":"Aviso legal de Capit\u00e1n Casino","_seopress_titles_desc":"Aviso legal de Capit\u00e1n Casino","_seopress_robots_index":"yes","_lmt_disableupdate":"no","_lmt_disable":"","footnotes":""},"acf":[],"_links":{"self":[{"href":"https:\/\/capitancasino.org\/pe\/wp-json\/wp\/v2\/pages\/61064"}],"collection":[{"href":"https:\/\/capitancasino.org\/pe\/wp-json\/wp\/v2\/pages"}],"about":[{"href":"https:\/\/capitancasino.org\/pe\/wp-json\/wp\/v2\/types\/page"}],"author":[{"embeddable":true,"href":"https:\/\/capitancasino.org\/pe\/wp-json\/wp\/v2\/users\/1"}],"replies":[{"embeddable":true,"href":"https:\/\/capitancasino.org\/pe\/wp-json\/wp\/v2\/comments?post=61064"}],"version-history":[{"count":4,"href":"https:\/\/capitancasino.org\/pe\/wp-json\/wp\/v2\/pages\/61064\/revisions"}],"predecessor-version":[{"id":62900,"href":"https:\/\/capitancasino.org\/pe\/wp-json\/wp\/v2\/pages\/61064\/revisions\/62900"}],"wp:attachment":[{"href":"https:\/\/capitancasino.org\/pe\/wp-json\/wp\/v2\/media?parent=61064"}],"curies":[{"name":"wp","href":"https:\/\/api.w.org\/{rel}","templated":true}]}}