{"id":61059,"date":"2024-04-10T10:30:25","date_gmt":"2024-04-10T10:30:25","guid":{"rendered":"https:\/\/capitancasino.org\/pe\/?page_id=61059"},"modified":"2024-07-24T05:11:27","modified_gmt":"2024-07-24T05:11:27","slug":"politica-de-cookies","status":"publish","type":"page","link":"https:\/\/capitancasino.org\/pe\/politica-de-cookies\/","title":{"rendered":"Pol\u00edtica de Cookies"},"content":{"rendered":"<p><strong>\u00bf Qu\u00e9 son las cookies ?\u00a0<\/strong><\/p>\r\n<!-- \/wp:paragraph -->\r\n\r\n<!-- wp:paragraph -->\r\n<p>Una cookie es un peque\u00f1o fragmento de texto (fichero) que se descarga en el ordenador, smartphone o tablet del usuario cuando se visita un sitio web. Su finalidad es almacenar y recuperar informaci\u00f3n sobre la visita, con la intenci\u00f3n de facilitar las futuras visitas de los usuarios a la web.<\/p>\r\n<!-- \/wp:paragraph -->\r\n\r\n<!-- wp:paragraph -->\r\n<p>La informaci\u00f3n recabada a trav\u00e9s de las cookies puede incluir la fecha y hora de la visita, las p\u00e1ginas visionadas, el tiempo que ha estado en el Sitio Web y los sitios visitados justo antes y despu\u00e9s del mismo. Sin embargo, ninguna cookie permite que esta misma pueda contactarse con el n\u00famero de tel\u00e9fono del Usuario o con cualquier otro medio de contacto personal. Ninguna cookie puede extraer informaci\u00f3n del disco duro del Usuario o robar informaci\u00f3n personal. La \u00fanica manera de que la informaci\u00f3n privada del Usuario forme parte del archivo Cookie es que el usuario d\u00e9 personalmente esa informaci\u00f3n al servidor.<\/p>\r\n<!-- \/wp:paragraph -->\r\n\r\n<!-- wp:paragraph -->\r\n<p><strong>Tipos de cookies<\/strong><\/p>\r\n<!-- \/wp:paragraph -->\r\n\r\n<!-- wp:list -->\r\n<ul>\r\n<li><strong>Cookies propias<\/strong><\/li>\r\n<\/ul>\r\n<!-- \/wp:list -->\r\n\r\n<!-- wp:paragraph -->\r\n<p>Son aquellas cookies que son enviadas al ordenador o dispositivo del Usuario y gestionadas exclusivamente por capitancasino.org para el mejor funcionamiento del Sitio Web. La informaci\u00f3n que se recaba se emplea para mejorar la calidad del Sitio Web; el contenido y la usabilidad de la web. Estas cookies permiten reconocer al Usuario como visitante recurrente del Sitio Web y adaptar el contenido para ofrecerle contenidos que se ajusten a sus preferencias.<\/p>\r\n<!-- \/wp:paragraph -->\r\n\r\n<!-- wp:list -->\r\n<ul>\r\n<li><strong>Cookies de terceros<\/strong><\/li>\r\n<\/ul>\r\n<!-- \/wp:list -->\r\n\r\n<!-- wp:paragraph -->\r\n<p>Son cookies utilizadas y gestionadas por entidades externas que proporcionan a capitancasino.org servicios solicitados por este mismo para mejorar el Sitio Web y la experiencia del usuario al navegar en la web. Los principales objetivos para los que se utilizan cookies de terceros son la obtenci\u00f3n de estad\u00edsticas de accesos y analizar la informaci\u00f3n de la navegaci\u00f3n, es decir, c\u00f3mo interact\u00faa el Usuario con el Sitio Web.<\/p>\r\n<!-- \/wp:paragraph -->\r\n\r\n<!-- wp:paragraph -->\r\n<p>La informaci\u00f3n que se obtiene se refiere, por ejemplo, al n\u00famero de p\u00e1ginas visitadas, el idioma, el lugar a la que la direcci\u00f3n IP desde el que accede el Usuario, el n\u00famero de Usuarios que acceden, la frecuencia y reincidencia de las visitas, el tiempo de visita, el navegador que usan, el operador o tipo de dispositivo desde el que se realiza la visita. Esta informaci\u00f3n se utiliza para mejorar el Sitio Web, y detectar nuevas necesidades para ofrecer a los Usuarios un Contenido y\/o servicio de \u00f3ptima calidad. En todo caso, la informaci\u00f3n se recopila de forma an\u00f3nima y se elaboran informes de tendencias del Sitio Web sin identificar a usuarios individuales.<\/p>\r\n<!-- \/wp:paragraph -->\r\n\r\n<!-- wp:list -->\r\n<ul>\r\n<li><strong>Cookies de redes sociales<\/strong><\/li>\r\n<\/ul>\r\n<!-- \/wp:list -->\r\n\r\n<!-- wp:paragraph -->\r\n<p>Capit\u00e1n Casino incorpora plugins de redes sociales, que permiten acceder a las mismas a partir del Sitio Web. Por esta raz\u00f3n, las cookies de redes sociales pueden almacenarse en el navegador del Usuario. Los titulares de dichas redes sociales disponen de sus propias pol\u00edticas de protecci\u00f3n de datos y de cookies, siendo ellos mismos, en cada caso, responsables de sus propios ficheros y de sus propias pr\u00e1cticas de privacidad. El Usuario debe referirse a las mismas para informarse acerca de dichas cookies y, en su caso, del tratamiento de sus datos personales. \u00danicamente a t\u00edtulo informativo se indican a continuaci\u00f3n los enlaces en los que se pueden consultar dichas pol\u00edticas de privacidad y\/o de cookies:<\/p>\r\n<!-- \/wp:paragraph -->\r\n\r\n<!-- wp:list -->\r\n<ul>\r\n<li>Facebook: <a href=\"https:\/\/www.facebook.com\/policies\/cookies\/\" rel=\"nooponer nofollower\">https:\/\/www.facebook.com\/policies\/cookies\/<\/a><\/li>\r\n<li>LinkedIn: <a href=\"https:\/\/www.linkedin.com\/legal\/cookie-policy?trk=hp-cookies\" rel=\"nooponer nofollower\">https:\/\/www.linkedin.com\/legal\/cookie-policy?trk=hp-cookies<\/a><\/li>\r\n<\/ul>\r\n<!-- \/wp:list -->\r\n\r\n<!-- wp:heading {\"level\":4} -->\r\n<h4><strong>Deshabilitar, rechazar y eliminar cookies<\/strong><\/h4>\r\n<!-- \/wp:heading -->\r\n\r\n<!-- wp:paragraph -->\r\n<p>El Usuario puede deshabilitar, rechazar y eliminar las cookies \u2014total o parcialmente\u2014 instaladas en su dispositivo mediante la configuraci\u00f3n de su navegador. En este sentido, los procedimientos para rechazar y eliminar las cookies pueden diferir de un navegador de Internet a otro. En consecuencia, el Usuario debe acudir a las instrucciones facilitadas por el propio navegador de Internet que est\u00e9 utilizando. En el supuesto de que rechace el uso de cookies \u2014total o parcialmente\u2014 podr\u00e1 seguir usando el Sitio Web, si bien podr\u00e1 tener limitada la utilizaci\u00f3n de algunas de las prestaciones del mismo.<\/p>","protected":false},"excerpt":{"rendered":"<p>\u00bf Qu\u00e9 son las cookies ?\u00a0 Una cookie es un peque\u00f1o fragmento de texto (fichero) que se descarga en el\u2026 <a href=\"https:\/\/capitancasino.org\/pe\/politica-de-cookies\/\">+ Lire la suite &rsaquo;<\/a><\/p>\n","protected":false},"author":1,"featured_media":0,"parent":0,"menu_order":0,"comment_status":"closed","ping_status":"closed","template":"","meta":{"_acf_changed":false,"_seopress_robots_primary_cat":"","_seopress_titles_title":"Pol\u00edtica de cookies","_seopress_titles_desc":"Inf\u00f3rmate m\u00e1s sobre la pol\u00edtica de cookies en Capit\u00e1n Casino","_seopress_robots_index":"yes","_lmt_disableupdate":"no","_lmt_disable":"","footnotes":""},"acf":[],"_links":{"self":[{"href":"https:\/\/capitancasino.org\/pe\/wp-json\/wp\/v2\/pages\/61059"}],"collection":[{"href":"https:\/\/capitancasino.org\/pe\/wp-json\/wp\/v2\/pages"}],"about":[{"href":"https:\/\/capitancasino.org\/pe\/wp-json\/wp\/v2\/types\/page"}],"author":[{"embeddable":true,"href":"https:\/\/capitancasino.org\/pe\/wp-json\/wp\/v2\/users\/1"}],"replies":[{"embeddable":true,"href":"https:\/\/capitancasino.org\/pe\/wp-json\/wp\/v2\/comments?post=61059"}],"version-history":[{"count":2,"href":"https:\/\/capitancasino.org\/pe\/wp-json\/wp\/v2\/pages\/61059\/revisions"}],"predecessor-version":[{"id":61063,"href":"https:\/\/capitancasino.org\/pe\/wp-json\/wp\/v2\/pages\/61059\/revisions\/61063"}],"wp:attachment":[{"href":"https:\/\/capitancasino.org\/pe\/wp-json\/wp\/v2\/media?parent=61059"}],"curies":[{"name":"wp","href":"https:\/\/api.w.org\/{rel}","templated":true}]}}